{"id":3229,"date":"2025-10-16T07:02:46","date_gmt":"2025-10-16T07:02:46","guid":{"rendered":"https:\/\/fixyapidekorasyon.com\/?page_id=3229"},"modified":"2025-10-17T06:04:12","modified_gmt":"2025-10-17T06:04:12","slug":"hizmetlerimiz","status":"publish","type":"page","link":"https:\/\/fixyapidekorasyon.com\/en\/hizmetlerimiz\/","title":{"rendered":"Hizmetlerimiz"},"content":{"rendered":"<div data-elementor-type=\"wp-page\" data-elementor-id=\"3229\" class=\"elementor elementor-3229\">\n\t\t\t\t<div class=\"elementor-element elementor-element-428bd3d e-grid e-con-boxed e-con e-parent\" data-id=\"428bd3d\" data-element_type=\"container\">\n\t\t\t\t\t<div class=\"e-con-inner\">\n\t\t\t\t<div class=\"elementor-element elementor-element-e88596a elementor-position-top elementor-widget elementor-widget-image-box\" data-id=\"e88596a\" data-element_type=\"widget\" data-widget_type=\"image-box.default\">\n\t\t\t\t\t<div class=\"elementor-image-box-wrapper\"><figure class=\"elementor-image-box-img\"><img fetchpriority=\"high\" decoding=\"async\" width=\"1024\" height=\"1024\" src=\"https:\/\/fixyapidekorasyon.com\/wp-content\/uploads\/2025\/10\/ev-ic-mimari-tasarim-ve-uygulama.png\" class=\"attachment-full size-full wp-image-3281\" alt=\"\" srcset=\"https:\/\/fixyapidekorasyon.com\/wp-content\/uploads\/2025\/10\/ev-ic-mimari-tasarim-ve-uygulama.png 1024w, https:\/\/fixyapidekorasyon.com\/wp-content\/uploads\/2025\/10\/ev-ic-mimari-tasarim-ve-uygulama-300x300.png 300w, https:\/\/fixyapidekorasyon.com\/wp-content\/uploads\/2025\/10\/ev-ic-mimari-tasarim-ve-uygulama-150x150.png 150w, https:\/\/fixyapidekorasyon.com\/wp-content\/uploads\/2025\/10\/ev-ic-mimari-tasarim-ve-uygulama-768x768.png 768w, https:\/\/fixyapidekorasyon.com\/wp-content\/uploads\/2025\/10\/ev-ic-mimari-tasarim-ve-uygulama-12x12.png 12w, https:\/\/fixyapidekorasyon.com\/wp-content\/uploads\/2025\/10\/ev-ic-mimari-tasarim-ve-uygulama-600x600.png 600w\" sizes=\"(max-width: 1024px) 100vw, 1024px\" \/><\/figure><div class=\"elementor-image-box-content\"><h3 class=\"elementor-image-box-title\">\ud83c\udfe1 Ev \u0130\u00e7 Mimari Tasar\u0131m\u0131<\/h3><p class=\"elementor-image-box-description\">Ev i\u00e7 mimarisi, ya\u015fam alanlar\u0131n\u0131 estetik, i\u015flevsel ve ki\u015fisel ihtiya\u00e7lara en uygun h\u00e2le getirme s\u00fcrecidir. Profesyonel ekibimiz, her detay\u0131 \u00f6zenle planlayarak renk, doku, \u0131\u015f\u0131k ve mobilya uyumunu m\u00fckemmel \u015fekilde bir araya getirir. Mek\u00e2n\u0131n mimari potansiyelini en \u00fcst d\u00fczeye \u00e7\u0131karan \u00e7\u00f6z\u00fcmlerle, ya\u015fam alanlar\u0131n\u0131 sadece konforlu de\u011fil ayn\u0131 zamanda benzersiz bir kimli\u011fe sahip h\u00e2le getiriyoruz.\n\u0130\u00e7 mimarlar\u0131m\u0131z, kullan\u0131c\u0131 al\u0131\u015fkanl\u0131klar\u0131n\u0131 ve ya\u015fam tarzlar\u0131n\u0131 analiz ederek her odada ki\u015fiye \u00f6zel \u00e7\u00f6z\u00fcmler sunar; oturma odalar\u0131ndan yatak odalar\u0131na, mutfaklardan banyolara kadar t\u00fcm alanlarda estetik ve i\u015flevselli\u011fi bir arada sunar.<\/p><\/div><\/div>\t\t\t\t<\/div>\n\t\t\t\t<div class=\"elementor-element elementor-element-118ae75 elementor-position-top elementor-widget elementor-widget-image-box\" data-id=\"118ae75\" data-element_type=\"widget\" data-widget_type=\"image-box.default\">\n\t\t\t\t\t<div class=\"elementor-image-box-wrapper\"><figure class=\"elementor-image-box-img\"><img decoding=\"async\" width=\"1024\" height=\"1024\" src=\"https:\/\/fixyapidekorasyon.com\/wp-content\/uploads\/2025\/10\/otel-ic-mimari-tasarim-ve-uygulama.png\" class=\"attachment-full size-full wp-image-3277\" alt=\"\" srcset=\"https:\/\/fixyapidekorasyon.com\/wp-content\/uploads\/2025\/10\/otel-ic-mimari-tasarim-ve-uygulama.png 1024w, https:\/\/fixyapidekorasyon.com\/wp-content\/uploads\/2025\/10\/otel-ic-mimari-tasarim-ve-uygulama-300x300.png 300w, https:\/\/fixyapidekorasyon.com\/wp-content\/uploads\/2025\/10\/otel-ic-mimari-tasarim-ve-uygulama-150x150.png 150w, https:\/\/fixyapidekorasyon.com\/wp-content\/uploads\/2025\/10\/otel-ic-mimari-tasarim-ve-uygulama-768x768.png 768w, https:\/\/fixyapidekorasyon.com\/wp-content\/uploads\/2025\/10\/otel-ic-mimari-tasarim-ve-uygulama-12x12.png 12w, https:\/\/fixyapidekorasyon.com\/wp-content\/uploads\/2025\/10\/otel-ic-mimari-tasarim-ve-uygulama-600x600.png 600w\" sizes=\"(max-width: 1024px) 100vw, 1024px\" \/><\/figure><div class=\"elementor-image-box-content\"><h3 class=\"elementor-image-box-title\">\ud83c\udfe8 Otel \u0130\u00e7 Mimari Tasar\u0131m\u0131<\/h3><p class=\"elementor-image-box-description\">Otel i\u00e7 mimarisi, konaklama alanlar\u0131n\u0131n estetik de\u011ferlerini art\u0131r\u0131rken ayn\u0131 zamanda misafirlere konforlu ve unutulmaz bir deneyim sunmay\u0131 hedefler. Deneyimli tasar\u0131m ekibimiz, marka kimli\u011finizle uyumlu konseptler geli\u015ftirir ve her detay\u0131 titizlikle planlayarak alan\u0131n atmosferini g\u00fc\u00e7lendirir.\nModern, l\u00fcks, ekolojik veya geleneksel konseptlerde tasarlanan projelerimiz, hedef kitlenizin beklentilerini en \u00fcst d\u00fczeyde kar\u015f\u0131layacak \u015fekilde haz\u0131rlan\u0131r. Ayd\u0131nlatmadan renk se\u00e7imlerine, mobilya yerle\u015fiminden alan optimizasyonuna kadar her ad\u0131m, profesyonel standartlara uygun olarak ger\u00e7ekle\u015ftirilir.<\/p><\/div><\/div>\t\t\t\t<\/div>\n\t\t\t\t<div class=\"elementor-element elementor-element-9fdcc61 elementor-position-top elementor-widget elementor-widget-image-box\" data-id=\"9fdcc61\" data-element_type=\"widget\" data-widget_type=\"image-box.default\">\n\t\t\t\t\t<div class=\"elementor-image-box-wrapper\"><figure class=\"elementor-image-box-img\"><img decoding=\"async\" width=\"1024\" height=\"1024\" src=\"https:\/\/fixyapidekorasyon.com\/wp-content\/uploads\/2025\/10\/ofis-tasarim-1.png\" class=\"attachment-full size-full wp-image-3260\" alt=\"\" srcset=\"https:\/\/fixyapidekorasyon.com\/wp-content\/uploads\/2025\/10\/ofis-tasarim-1.png 1024w, https:\/\/fixyapidekorasyon.com\/wp-content\/uploads\/2025\/10\/ofis-tasarim-1-300x300.png 300w, https:\/\/fixyapidekorasyon.com\/wp-content\/uploads\/2025\/10\/ofis-tasarim-1-150x150.png 150w, https:\/\/fixyapidekorasyon.com\/wp-content\/uploads\/2025\/10\/ofis-tasarim-1-768x768.png 768w, https:\/\/fixyapidekorasyon.com\/wp-content\/uploads\/2025\/10\/ofis-tasarim-1-12x12.png 12w, https:\/\/fixyapidekorasyon.com\/wp-content\/uploads\/2025\/10\/ofis-tasarim-1-600x600.png 600w\" sizes=\"(max-width: 1024px) 100vw, 1024px\" \/><\/figure><div class=\"elementor-image-box-content\"><h3 class=\"elementor-image-box-title\">\ud83c\udfe2 Ofis \u0130\u00e7 Mimari Tasar\u0131m\u0131<\/h3><p class=\"elementor-image-box-description\">Modern \u00e7al\u0131\u015fma alanlar\u0131nda estetik, i\u015flevsellik ve verimlilik bir arada olmal\u0131d\u0131r. Ofis tasar\u0131mlar\u0131m\u0131zda, kurum kimli\u011finizi yans\u0131tan \u00f6zg\u00fcn konseptler geli\u015ftiriyor; \u00e7al\u0131\u015fan motivasyonunu art\u0131ran, teknoloji entegrasyonunu destekleyen ve ergonomik \u00e7\u00f6z\u00fcmler sunan alanlar tasarl\u0131yoruz.\nGeleneksel d\u00fczenleri a\u015farak a\u00e7\u0131k, esnek ve yenilik\u00e7i mek\u00e2n \u00e7\u00f6z\u00fcmleriyle i\u015f s\u00fcre\u00e7lerinizi destekleyen tasar\u0131mlar ortaya koyuyoruz. B\u00f6ylece ofis alan\u0131n\u0131z hem g\u00f6rsel hem de i\u015flevsel olarak g\u00fc\u00e7l\u00fc, \u00e7a\u011fda\u015f ve kurumsal bir kimli\u011fe sahip olur.<\/p><\/div><\/div>\t\t\t\t<\/div>\n\t\t\t\t<div class=\"elementor-element elementor-element-bb94c29 elementor-position-top elementor-widget elementor-widget-image-box\" data-id=\"bb94c29\" data-element_type=\"widget\" data-widget_type=\"image-box.default\">\n\t\t\t\t\t<div class=\"elementor-image-box-wrapper\"><figure class=\"elementor-image-box-img\"><img loading=\"lazy\" decoding=\"async\" width=\"1024\" height=\"1024\" src=\"https:\/\/fixyapidekorasyon.com\/wp-content\/uploads\/2025\/10\/ma.png\" class=\"attachment-full size-full wp-image-3302\" alt=\"\" srcset=\"https:\/\/fixyapidekorasyon.com\/wp-content\/uploads\/2025\/10\/ma.png 1024w, https:\/\/fixyapidekorasyon.com\/wp-content\/uploads\/2025\/10\/ma-300x300.png 300w, https:\/\/fixyapidekorasyon.com\/wp-content\/uploads\/2025\/10\/ma-150x150.png 150w, https:\/\/fixyapidekorasyon.com\/wp-content\/uploads\/2025\/10\/ma-768x768.png 768w, https:\/\/fixyapidekorasyon.com\/wp-content\/uploads\/2025\/10\/ma-12x12.png 12w, https:\/\/fixyapidekorasyon.com\/wp-content\/uploads\/2025\/10\/ma-600x600.png 600w\" sizes=\"(max-width: 1024px) 100vw, 1024px\" \/><\/figure><div class=\"elementor-image-box-content\"><h3 class=\"elementor-image-box-title\">\ud83c\udfec Ma\u011faza \u0130\u00e7 Mimari Tasar\u0131m\u0131<\/h3><p class=\"elementor-image-box-description\">Ma\u011faza i\u00e7 mimari tasar\u0131m\u0131, markan\u0131z\u0131n kimli\u011fini en etkili \u015fekilde yans\u0131tmak, m\u00fc\u015fteri deneyimini g\u00fc\u00e7lendirmek ve sat\u0131\u015flar\u0131 art\u0131rmak i\u00e7in stratejik bir \u00f6neme sahiptir. Profesyonel tasar\u0131m \u00e7\u00f6z\u00fcmleriyle olu\u015fturulan vitrin d\u00fczeni, te\u015fhir alanlar\u0131, \u0131\u015f\u0131k kullan\u0131m\u0131 ve mek\u00e2nsal planlama, ziyaret\u00e7ilerin al\u0131\u015fveri\u015f deneyimini olumlu y\u00f6nde etkiler. Modern ve fonksiyonel tasar\u0131mlar, hem estetik hem de kullan\u0131labilirli\u011fi bir araya getirerek markan\u0131zla g\u00fc\u00e7l\u00fc bir ba\u011f kurulmas\u0131n\u0131 sa\u011flar. Do\u011fru ma\u011faza dekorasyonu sayesinde, m\u00fc\u015fteriler \u00fczerinde kal\u0131c\u0131 bir izlenim yaratabilir ve sat\u0131\u015f potansiyelinizi en \u00fcst seviyeye ta\u015f\u0131yabilirsiniz.<\/p><\/div><\/div>\t\t\t\t<\/div>\n\t\t\t\t<div class=\"elementor-element elementor-element-8b9c8fe elementor-position-top elementor-widget elementor-widget-image-box\" data-id=\"8b9c8fe\" data-element_type=\"widget\" data-widget_type=\"image-box.default\">\n\t\t\t\t\t<div class=\"elementor-image-box-wrapper\"><figure class=\"elementor-image-box-img\"><img loading=\"lazy\" decoding=\"async\" width=\"1024\" height=\"1024\" src=\"https:\/\/fixyapidekorasyon.com\/wp-content\/uploads\/2025\/10\/fcf0ddd1-49a5-49b2-9237-350f39f97039.png\" class=\"attachment-full size-full wp-image-3298\" alt=\"\" srcset=\"https:\/\/fixyapidekorasyon.com\/wp-content\/uploads\/2025\/10\/fcf0ddd1-49a5-49b2-9237-350f39f97039.png 1024w, https:\/\/fixyapidekorasyon.com\/wp-content\/uploads\/2025\/10\/fcf0ddd1-49a5-49b2-9237-350f39f97039-300x300.png 300w, https:\/\/fixyapidekorasyon.com\/wp-content\/uploads\/2025\/10\/fcf0ddd1-49a5-49b2-9237-350f39f97039-150x150.png 150w, https:\/\/fixyapidekorasyon.com\/wp-content\/uploads\/2025\/10\/fcf0ddd1-49a5-49b2-9237-350f39f97039-768x768.png 768w, https:\/\/fixyapidekorasyon.com\/wp-content\/uploads\/2025\/10\/fcf0ddd1-49a5-49b2-9237-350f39f97039-12x12.png 12w, https:\/\/fixyapidekorasyon.com\/wp-content\/uploads\/2025\/10\/fcf0ddd1-49a5-49b2-9237-350f39f97039-600x600.png 600w\" sizes=\"(max-width: 1024px) 100vw, 1024px\" \/><\/figure><div class=\"elementor-image-box-content\"><h3 class=\"elementor-image-box-title\">\ud83c\udf7d\ufe0fRestoran i\u00e7 mimari tasar\u0131m\u0131 ve uygulama hizmeti<\/h3><p class=\"elementor-image-box-description\">Restoran i\u00e7 mimari tasar\u0131m\u0131, misafirlerinizi sadece lezzetle de\u011fil, estetik ve konforla da bulu\u015fturman\u0131n en etkili yoludur. Do\u011fru tasar\u0131m, mek\u00e2n\u0131n atmosferini g\u00fc\u00e7lendirir, m\u00fc\u015fteri deneyimini zenginle\u015ftirir ve marka kimli\u011finizi en iyi \u015fekilde yans\u0131t\u0131r. Ayd\u0131nlatmadan masa d\u00fczenine, malzeme se\u00e7iminden oturma alanlar\u0131n\u0131n ergonomisine kadar her detay, konuklar\u0131n mek\u00e2nda ge\u00e7irdi\u011fi zaman\u0131 \u00f6zel k\u0131lar. Profesyonel restoran dekorasyonu ile i\u015fletmenizi s\u0131radanl\u0131ktan \u00e7\u0131kararak tercih edilen bir mek\u00e2n h\u00e2line getirebilir ve m\u00fc\u015fteri sadakatini art\u0131rabilirsiniz.<\/p><\/div><\/div>\t\t\t\t<\/div>\n\t\t\t\t<div class=\"elementor-element elementor-element-7d91a38 elementor-position-top elementor-widget elementor-widget-image-box\" data-id=\"7d91a38\" data-element_type=\"widget\" data-widget_type=\"image-box.default\">\n\t\t\t\t\t<div class=\"elementor-image-box-wrapper\"><figure class=\"elementor-image-box-img\"><img loading=\"lazy\" decoding=\"async\" width=\"1024\" height=\"1024\" src=\"https:\/\/fixyapidekorasyon.com\/wp-content\/uploads\/2025\/10\/vi.png\" class=\"attachment-full size-full wp-image-3306\" alt=\"\" srcset=\"https:\/\/fixyapidekorasyon.com\/wp-content\/uploads\/2025\/10\/vi.png 1024w, https:\/\/fixyapidekorasyon.com\/wp-content\/uploads\/2025\/10\/vi-300x300.png 300w, https:\/\/fixyapidekorasyon.com\/wp-content\/uploads\/2025\/10\/vi-150x150.png 150w, https:\/\/fixyapidekorasyon.com\/wp-content\/uploads\/2025\/10\/vi-768x768.png 768w, https:\/\/fixyapidekorasyon.com\/wp-content\/uploads\/2025\/10\/vi-12x12.png 12w, https:\/\/fixyapidekorasyon.com\/wp-content\/uploads\/2025\/10\/vi-600x600.png 600w\" sizes=\"(max-width: 1024px) 100vw, 1024px\" \/><\/figure><div class=\"elementor-image-box-content\"><h3 class=\"elementor-image-box-title\">\ud83c\udfe2 Villa i\u00e7 mimari tasar\u0131m\u0131 ve uygulama hizmeti<\/h3><p class=\"elementor-image-box-description\">Villa i\u00e7 mimari tasar\u0131m\u0131 ve uygulama hizmeti, ya\u015fam alan\u0131n\u0131z\u0131 estetik, konfor ve prestijle bulu\u015fturman\u0131n en etkili yoludur. Fix Yap\u0131 Dekorasyon olarak yaln\u0131zca tasar\u0131m a\u015famas\u0131nda de\u011fil, t\u00fcm uygulama s\u00fcre\u00e7lerinde de profesyonel \u00e7\u00f6z\u00fcmler sunuyoruz. Zemin, duvar, ayd\u0131nlatma, mobilya \u00fcretimi, montaj ve t\u00fcm detaylar\u0131 anahtar teslim \u015fekilde hayata ge\u00e7iriyoruz. Her proje, kullan\u0131c\u0131 al\u0131\u015fkanl\u0131klar\u0131, mimari yap\u0131 ve beklentilere g\u00f6re \u00f6zel olarak tasarlan\u0131r. Bu sayede villan\u0131z sadece bir ya\u015fam alan\u0131 de\u011fil, ki\u015fisel tarz\u0131n\u0131z\u0131 ve konfor anlay\u0131\u015f\u0131n\u0131z\u0131 yans\u0131tan benzersiz bir mek\u00e2na d\u00f6n\u00fc\u015f\u00fcr.<\/p><\/div><\/div>\t\t\t\t<\/div>\n\t\t\t\t\t<\/div>\n\t\t\t\t<\/div>\n\t\t\t\t<\/div>","protected":false},"excerpt":{"rendered":"<p>\ud83c\udfe1 Ev \u0130\u00e7 Mimari Tasar\u0131m\u0131 Ev i\u00e7 mimarisi, ya\u015fam alanlar\u0131n\u0131 estetik, i\u015flevsel ve ki\u015fisel ihtiya\u00e7lara en uygun h\u00e2le getirme s\u00fcrecidir. Profesyonel ekibimiz, her detay\u0131 \u00f6zenle planlayarak renk, doku, \u0131\u015f\u0131k ve mobilya uyumunu m\u00fckemmel \u015fekilde bir araya getirir. Mek\u00e2n\u0131n mimari potansiyelini en \u00fcst d\u00fczeye \u00e7\u0131karan \u00e7\u00f6z\u00fcmlerle, ya\u015fam alanlar\u0131n\u0131 sadece konforlu de\u011fil ayn\u0131 zamanda benzersiz bir kimli\u011fe [&hellip;]<\/p>","protected":false},"author":1,"featured_media":0,"parent":0,"menu_order":0,"comment_status":"closed","ping_status":"closed","template":"elementor_header_footer","meta":{"ocean_post_layout":"","ocean_both_sidebars_style":"","ocean_both_sidebars_content_width":0,"ocean_both_sidebars_sidebars_width":0,"ocean_sidebar":"","ocean_second_sidebar":"","ocean_disable_margins":"enable","ocean_add_body_class":"","ocean_shortcode_before_top_bar":"","ocean_shortcode_after_top_bar":"","ocean_shortcode_before_header":"","ocean_shortcode_after_header":"","ocean_has_shortcode":"","ocean_shortcode_after_title":"","ocean_shortcode_before_footer_widgets":"","ocean_shortcode_after_footer_widgets":"","ocean_shortcode_before_footer_bottom":"","ocean_shortcode_after_footer_bottom":"","ocean_display_top_bar":"default","ocean_display_header":"default","ocean_header_style":"","ocean_center_header_left_menu":"","ocean_custom_header_template":"","ocean_custom_logo":0,"ocean_custom_retina_logo":0,"ocean_custom_logo_max_width":0,"ocean_custom_logo_tablet_max_width":0,"ocean_custom_logo_mobile_max_width":0,"ocean_custom_logo_max_height":0,"ocean_custom_logo_tablet_max_height":0,"ocean_custom_logo_mobile_max_height":0,"ocean_header_custom_menu":"","ocean_menu_typo_font_family":"","ocean_menu_typo_font_subset":"","ocean_menu_typo_font_size":0,"ocean_menu_typo_font_size_tablet":0,"ocean_menu_typo_font_size_mobile":0,"ocean_menu_typo_font_size_unit":"px","ocean_menu_typo_font_weight":"","ocean_menu_typo_font_weight_tablet":"","ocean_menu_typo_font_weight_mobile":"","ocean_menu_typo_transform":"","ocean_menu_typo_transform_tablet":"","ocean_menu_typo_transform_mobile":"","ocean_menu_typo_line_height":0,"ocean_menu_typo_line_height_tablet":0,"ocean_menu_typo_line_height_mobile":0,"ocean_menu_typo_line_height_unit":"","ocean_menu_typo_spacing":0,"ocean_menu_typo_spacing_tablet":0,"ocean_menu_typo_spacing_mobile":0,"ocean_menu_typo_spacing_unit":"","ocean_menu_link_color":"","ocean_menu_link_color_hover":"","ocean_menu_link_color_active":"","ocean_menu_link_background":"","ocean_menu_link_hover_background":"","ocean_menu_link_active_background":"","ocean_menu_social_links_bg":"","ocean_menu_social_hover_links_bg":"","ocean_menu_social_links_color":"","ocean_menu_social_hover_links_color":"","ocean_disable_title":"default","ocean_disable_heading":"default","ocean_post_title":"","ocean_post_subheading":"","ocean_post_title_style":"","ocean_post_title_background_color":"","ocean_post_title_background":0,"ocean_post_title_bg_image_position":"","ocean_post_title_bg_image_attachment":"","ocean_post_title_bg_image_repeat":"","ocean_post_title_bg_image_size":"","ocean_post_title_height":0,"ocean_post_title_bg_overlay":0.5,"ocean_post_title_bg_overlay_color":"","ocean_disable_breadcrumbs":"default","ocean_breadcrumbs_color":"","ocean_breadcrumbs_separator_color":"","ocean_breadcrumbs_links_color":"","ocean_breadcrumbs_links_hover_color":"","ocean_display_footer_widgets":"default","ocean_display_footer_bottom":"default","ocean_custom_footer_template":"","footnotes":""},"class_list":["post-3229","page","type-page","status-publish","hentry","entry"],"_links":{"self":[{"href":"https:\/\/fixyapidekorasyon.com\/en\/wp-json\/wp\/v2\/pages\/3229","targetHints":{"allow":["GET"]}}],"collection":[{"href":"https:\/\/fixyapidekorasyon.com\/en\/wp-json\/wp\/v2\/pages"}],"about":[{"href":"https:\/\/fixyapidekorasyon.com\/en\/wp-json\/wp\/v2\/types\/page"}],"author":[{"embeddable":true,"href":"https:\/\/fixyapidekorasyon.com\/en\/wp-json\/wp\/v2\/users\/1"}],"replies":[{"embeddable":true,"href":"https:\/\/fixyapidekorasyon.com\/en\/wp-json\/wp\/v2\/comments?post=3229"}],"version-history":[{"count":64,"href":"https:\/\/fixyapidekorasyon.com\/en\/wp-json\/wp\/v2\/pages\/3229\/revisions"}],"predecessor-version":[{"id":3324,"href":"https:\/\/fixyapidekorasyon.com\/en\/wp-json\/wp\/v2\/pages\/3229\/revisions\/3324"}],"wp:attachment":[{"href":"https:\/\/fixyapidekorasyon.com\/en\/wp-json\/wp\/v2\/media?parent=3229"}],"curies":[{"name":"wp","href":"https:\/\/api.w.org\/{rel}","templated":true}]}}