{"id":3128,"date":"2025-10-04T06:45:20","date_gmt":"2025-10-04T06:45:20","guid":{"rendered":"https:\/\/darkorchid-wildcat-433138.hostingersite.com\/?page_id=3128"},"modified":"2025-10-14T11:55:35","modified_gmt":"2025-10-14T11:55:35","slug":"hakkimizda","status":"publish","type":"page","link":"https:\/\/fixyapidekorasyon.com\/en\/hakkimizda\/","title":{"rendered":"Hakk\u0131m\u0131zda"},"content":{"rendered":"<div data-elementor-type=\"wp-page\" data-elementor-id=\"3128\" class=\"elementor elementor-3128\">\n\t\t\t\t<div class=\"elementor-element elementor-element-9da6b86 e-con-full e-flex e-con e-parent\" data-id=\"9da6b86\" data-element_type=\"container\">\n\t\t<div class=\"elementor-element elementor-element-ab41d5c e-con-full e-flex e-con e-child\" data-id=\"ab41d5c\" data-element_type=\"container\">\n\t\t\t\t<div class=\"elementor-element elementor-element-104f926 elementor-widget__width-inherit elementor-widget-tablet__width-inherit elementor-widget elementor-widget-heading\" data-id=\"104f926\" data-element_type=\"widget\" data-widget_type=\"heading.default\">\n\t\t\t\t\t<h2 class=\"elementor-heading-title elementor-size-default\">Fix Yap\u0131 \u2013 Estetik Dokunu\u015flar, Kaliteli \u00c7\u00f6z\u00fcmler<\/h2>\t\t\t\t<\/div>\n\t\t\t\t<\/div>\n\t\t\t\t<div class=\"elementor-element elementor-element-4e6cdb3 elementor-widget-tablet__width-initial elementor-widget__width-initial elementor-widget elementor-widget-text-editor\" data-id=\"4e6cdb3\" data-element_type=\"widget\" data-widget_type=\"text-editor.default\">\n\t\t\t\t\t\t\t\t\t<p>Fix Yap\u0131, Samsun merkezli bir dekorasyon ve tadilat firmas\u0131 olarak <strong>Karadeniz<\/strong> b\u00f6lgesinden ba\u015flayarak t\u00fcm T\u00fcrkiye\u2019ye modern, estetik ve kaliteli ya\u015fam alanlar\u0131 sunmaktad\u0131r. Uzman ekibimizle <strong>i\u00e7 dekorasyon, tadilat, anahtar teslim yenileme ve \u00f6zel mimari \u00e7\u00f6z\u00fcmler \u00fcretiyoruz.<\/strong><\/p><p>Samsun\u2019da dekorasyon ve tadilat denildi\u011finde akla gelen g\u00fcvenilir firma olman\u0131n yan\u0131nda, <strong>Karadeniz\u2019in her \u015fehrinde; Ordu, Trabzon, Giresun, Sinop ve \u00e7evre illerde de aktif olarak projeler y\u00fcr\u00fct\u00fcyoruz.<\/strong> Kaliteli i\u015f\u00e7ili\u011fimiz ve modern tasar\u0131mlar\u0131m\u0131zla b\u00f6lgenin her noktas\u0131nda tercih edilen \u00e7\u00f6z\u00fcm orta\u011f\u0131y\u0131z.<\/p><p>Hizmet anlay\u0131\u015f\u0131m\u0131z yaln\u0131zca Karadeniz ile s\u0131n\u0131rl\u0131 de\u011fildir. <strong>\u0130stanbul\u2019dan Ankara\u2019ya, \u0130zmir\u2019den Bursa\u2019ya kadar T\u00fcrkiye\u2019nin d\u00f6rt bir yan\u0131nda m\u00fc\u015fterilerimize kaliteli \u00e7\u00f6z\u00fcmler sunuyoruz.<\/strong> Fix Yap\u0131, her projede estetik, dayan\u0131kl\u0131l\u0131k ve fonksiyonelli\u011fi \u00f6n planda tutar.<\/p><p>Vizyonumuz; Karadeniz\u2019den t\u00fcm T\u00fcrkiye\u2019ye yay\u0131lan bir marka olarak, dekorasyon ve tadilat projelerinde yenilik\u00e7i \u00e7\u00f6z\u00fcmler \u00fcretmek, g\u00fcven ve kaliteyi standart hale getirmektir. Misyonumuz ise; m\u00fc\u015fteri memnuniyetini en \u00fcst seviyede tutarak, modern tasar\u0131mlar\u0131m\u0131z ve kaliteli i\u015f\u00e7ili\u011fimizle ya\u015fam alanlar\u0131n\u0131 d\u00f6n\u00fc\u015ft\u00fcrmek ve Samsun\u2019dan \u00e7\u0131kan bir marka olarak \u00fclke genelinde de\u011fer katmakt\u0131r.<\/p>\t\t\t\t\t\t\t\t<\/div>\n\t\t<div class=\"elementor-element elementor-element-d66551c e-con-full e-flex e-con e-child\" data-id=\"d66551c\" data-element_type=\"container\">\n\t\t\t\t<div class=\"elementor-element elementor-element-0629d5f elementor-widget__width-inherit elementor-widget elementor-widget-image\" data-id=\"0629d5f\" data-element_type=\"widget\" data-widget_type=\"image.default\">\n\t\t\t\t\t\t\t\t\t\t\t\t\t\t\t<img fetchpriority=\"high\" decoding=\"async\" width=\"1024\" height=\"1024\" src=\"https:\/\/fixyapidekorasyon.com\/wp-content\/uploads\/2025\/10\/89e89611-a2fc-41a6-9904-d1045026fad8.png\" class=\"attachment-large size-large wp-image-3148\" alt=\"Samsun dekorasyon ve tadilat \u2013 Fix Yap\u0131\" srcset=\"https:\/\/fixyapidekorasyon.com\/wp-content\/uploads\/2025\/10\/89e89611-a2fc-41a6-9904-d1045026fad8.png 1024w, https:\/\/fixyapidekorasyon.com\/wp-content\/uploads\/2025\/10\/89e89611-a2fc-41a6-9904-d1045026fad8-300x300.png 300w, https:\/\/fixyapidekorasyon.com\/wp-content\/uploads\/2025\/10\/89e89611-a2fc-41a6-9904-d1045026fad8-150x150.png 150w, https:\/\/fixyapidekorasyon.com\/wp-content\/uploads\/2025\/10\/89e89611-a2fc-41a6-9904-d1045026fad8-768x768.png 768w, https:\/\/fixyapidekorasyon.com\/wp-content\/uploads\/2025\/10\/89e89611-a2fc-41a6-9904-d1045026fad8-12x12.png 12w, https:\/\/fixyapidekorasyon.com\/wp-content\/uploads\/2025\/10\/89e89611-a2fc-41a6-9904-d1045026fad8-600x600.png 600w\" sizes=\"(max-width: 1024px) 100vw, 1024px\" \/>\t\t\t\t\t\t\t\t\t\t\t\t\t\t\t<\/div>\n\t\t\t\t<\/div>\n\t\t\t\t<\/div>\n\t\t<div class=\"elementor-element elementor-element-b664cda e-grid e-con-full e-con e-parent\" data-id=\"b664cda\" data-element_type=\"container\">\n\t\t\t\t<div class=\"elementor-element elementor-element-ddc1e78 elementor-view-framed elementor-shape-circle elementor-position-top elementor-mobile-position-top elementor-widget elementor-widget-icon-box\" data-id=\"ddc1e78\" data-element_type=\"widget\" data-widget_type=\"icon-box.default\">\n\t\t\t\t\t\t\t<div class=\"elementor-icon-box-wrapper\">\n\n\t\t\t\t\t\t<div class=\"elementor-icon-box-icon\">\n\t\t\t\t<span  class=\"elementor-icon elementor-animation-shrink\">\n\t\t\t\t<svg aria-hidden=\"true\" class=\"e-font-icon-svg e-fas-globe-europe\" viewbox=\"0 0 496 512\" xmlns=\"http:\/\/www.w3.org\/2000\/svg\"><path d=\"M248 8C111 8 0 119 0 256s111 248 248 248 248-111 248-248S385 8 248 8zm200 248c0 22.5-3.9 44.2-10.8 64.4h-20.3c-4.3 0-8.4-1.7-11.4-4.8l-32-32.6c-4.5-4.6-4.5-12.1.1-16.7l12.5-12.5v-8.7c0-3-1.2-5.9-3.3-8l-9.4-9.4c-2.1-2.1-5-3.3-8-3.3h-16c-6.2 0-11.3-5.1-11.3-11.3 0-3 1.2-5.9 3.3-8l9.4-9.4c2.1-2.1 5-3.3 8-3.3h32c6.2 0 11.3-5.1 11.3-11.3v-9.4c0-6.2-5.1-11.3-11.3-11.3h-36.7c-8.8 0-16 7.2-16 16v4.5c0 6.9-4.4 13-10.9 15.2l-31.6 10.5c-3.3 1.1-5.5 4.1-5.5 7.6v2.2c0 4.4-3.6 8-8 8h-16c-4.4 0-8-3.6-8-8s-3.6-8-8-8H247c-3 0-5.8 1.7-7.2 4.4l-9.4 18.7c-2.7 5.4-8.2 8.8-14.3 8.8H194c-8.8 0-16-7.2-16-16V199c0-4.2 1.7-8.3 4.7-11.3l20.1-20.1c4.6-4.6 7.2-10.9 7.2-17.5 0-3.4 2.2-6.5 5.5-7.6l40-13.3c1.7-.6 3.2-1.5 4.4-2.7l26.8-26.8c2.1-2.1 3.3-5 3.3-8 0-6.2-5.1-11.3-11.3-11.3H258l-16 16v8c0 4.4-3.6 8-8 8h-16c-4.4 0-8-3.6-8-8v-20c0-2.5 1.2-4.9 3.2-6.4l28.9-21.7c1.9-.1 3.8-.3 5.7-.3C358.3 56 448 145.7 448 256zM130.1 149.1c0-3 1.2-5.9 3.3-8l25.4-25.4c2.1-2.1 5-3.3 8-3.3 6.2 0 11.3 5.1 11.3 11.3v16c0 3-1.2 5.9-3.3 8l-9.4 9.4c-2.1 2.1-5 3.3-8 3.3h-16c-6.2 0-11.3-5.1-11.3-11.3zm128 306.4v-7.1c0-8.8-7.2-16-16-16h-20.2c-10.8 0-26.7-5.3-35.4-11.8l-22.2-16.7c-11.5-8.6-18.2-22.1-18.2-36.4v-23.9c0-16 8.4-30.8 22.1-39l42.9-25.7c7.1-4.2 15.2-6.5 23.4-6.5h31.2c10.9 0 21.4 3.9 29.6 10.9l43.2 37.1h18.3c8.5 0 16.6 3.4 22.6 9.4l17.3 17.3c3.4 3.4 8.1 5.3 12.9 5.3H423c-32.4 58.9-93.8 99.5-164.9 103.1z\"><\/path><\/svg>\t\t\t\t<\/span>\n\t\t\t<\/div>\n\t\t\t\n\t\t\t\t\t\t<div class=\"elementor-icon-box-content\">\n\n\t\t\t\t\t\t\t\t\t<h3 class=\"elementor-icon-box-title\">\n\t\t\t\t\t\t<span  >\n\t\t\t\t\t\t\tMisyon\t\t\t\t\t\t<\/span>\n\t\t\t\t\t<\/h3>\n\t\t\t\t\n\t\t\t\t\t\t\t\t\t<p class=\"elementor-icon-box-description\">\n\t\t\t\t\t\tM\u00fc\u015fteri memnuniyetini en \u00fcst seviyede tutmak\nModern tasar\u0131mlar ve kaliteli i\u015f\u00e7ilikle ya\u015fam alanlar\u0131n\u0131 d\u00f6n\u00fc\u015ft\u00fcrmek.\t\t\t\t\t<\/p>\n\t\t\t\t\n\t\t\t<\/div>\n\t\t\t\n\t\t<\/div>\n\t\t\t\t\t\t<\/div>\n\t\t\t\t<div class=\"elementor-element elementor-element-5b9e373 elementor-view-framed elementor-shape-circle elementor-position-top elementor-mobile-position-top elementor-widget elementor-widget-icon-box\" data-id=\"5b9e373\" data-element_type=\"widget\" data-widget_type=\"icon-box.default\">\n\t\t\t\t\t\t\t<div class=\"elementor-icon-box-wrapper\">\n\n\t\t\t\t\t\t<div class=\"elementor-icon-box-icon\">\n\t\t\t\t<span  class=\"elementor-icon elementor-animation-shrink\">\n\t\t\t\t<svg aria-hidden=\"true\" class=\"e-font-icon-svg e-far-eye\" viewbox=\"0 0 576 512\" xmlns=\"http:\/\/www.w3.org\/2000\/svg\"><path d=\"M288 144a110.94 110.94 0 0 0-31.24 5 55.4 55.4 0 0 1 7.24 27 56 56 0 0 1-56 56 55.4 55.4 0 0 1-27-7.24A111.71 111.71 0 1 0 288 144zm284.52 97.4C518.29 135.59 410.93 64 288 64S57.68 135.64 3.48 241.41a32.35 32.35 0 0 0 0 29.19C57.71 376.41 165.07 448 288 448s230.32-71.64 284.52-177.41a32.35 32.35 0 0 0 0-29.19zM288 400c-98.65 0-189.09-55-237.93-144C98.91 167 189.34 112 288 112s189.09 55 237.93 144C477.1 345 386.66 400 288 400z\"><\/path><\/svg>\t\t\t\t<\/span>\n\t\t\t<\/div>\n\t\t\t\n\t\t\t\t\t\t<div class=\"elementor-icon-box-content\">\n\n\t\t\t\t\t\t\t\t\t<h3 class=\"elementor-icon-box-title\">\n\t\t\t\t\t\t<span  >\n\t\t\t\t\t\t\tVizyon\t\t\t\t\t\t<\/span>\n\t\t\t\t\t<\/h3>\n\t\t\t\t\n\t\t\t\t\t\t\t\t\t<p class=\"elementor-icon-box-description\">\n\t\t\t\t\t\tKaradeniz\u2019den t\u00fcm T\u00fcrkiye\u2019ye yay\u0131lan bir marka olmak\nDekorasyon ve tadilat projelerinde g\u00fcvenilir, yenilik\u00e7i \u00e7\u00f6z\u00fcmler \u00fcretmek.\t\t\t\t\t<\/p>\n\t\t\t\t\n\t\t\t<\/div>\n\t\t\t\n\t\t<\/div>\n\t\t\t\t\t\t<\/div>\n\t\t\t\t<div class=\"elementor-element elementor-element-d7a3885 elementor-view-framed elementor-shape-circle elementor-position-top elementor-mobile-position-top elementor-widget elementor-widget-icon-box\" data-id=\"d7a3885\" data-element_type=\"widget\" data-widget_type=\"icon-box.default\">\n\t\t\t\t\t\t\t<div class=\"elementor-icon-box-wrapper\">\n\n\t\t\t\t\t\t<div class=\"elementor-icon-box-icon\">\n\t\t\t\t<span  class=\"elementor-icon elementor-animation-shrink\">\n\t\t\t\t<svg aria-hidden=\"true\" class=\"e-font-icon-svg e-fas-star\" viewbox=\"0 0 576 512\" xmlns=\"http:\/\/www.w3.org\/2000\/svg\"><path d=\"M259.3 17.8L194 150.2 47.9 171.5c-26.2 3.8-36.7 36.1-17.7 54.6l105.7 103-25 145.5c-4.5 26.3 23.2 46 46.4 33.7L288 439.6l130.7 68.7c23.2 12.2 50.9-7.4 46.4-33.7l-25-145.5 105.7-103c19-18.5 8.5-50.8-17.7-54.6L382 150.2 316.7 17.8c-11.7-23.6-45.6-23.9-57.4 0z\"><\/path><\/svg>\t\t\t\t<\/span>\n\t\t\t<\/div>\n\t\t\t\n\t\t\t\t\t\t<div class=\"elementor-icon-box-content\">\n\n\t\t\t\t\t\t\t\t\t<h3 class=\"elementor-icon-box-title\">\n\t\t\t\t\t\t<span  >\n\t\t\t\t\t\t\tDe\u011ferlerimiz\t\t\t\t\t\t<\/span>\n\t\t\t\t\t<\/h3>\n\t\t\t\t\n\t\t\t\t\t\t\t\t\t<p class=\"elementor-icon-box-description\">\n\t\t\t\t\t\tG\u00fcvenilirlik\n\nKalite\n\n\u0130novasyon ile siz de\u011ferli M\u00fc\u015fterilerimiz i\u00e7in M\u00fckemmel Hizmet anlay\u0131\u015f\u0131 ile sizlerin kar\u015f\u0131s\u0131nday\u0131z.\t\t\t\t\t<\/p>\n\t\t\t\t\n\t\t\t<\/div>\n\t\t\t\n\t\t<\/div>\n\t\t\t\t\t\t<\/div>\n\t\t\t\t<\/div>\n\t\t\t\t<\/div>","protected":false},"excerpt":{"rendered":"<p>Fix Yap\u0131 \u2013 Estetik Dokunu\u015flar, Kaliteli \u00c7\u00f6z\u00fcmler Fix Yap\u0131, Samsun merkezli bir dekorasyon ve tadilat firmas\u0131 olarak Karadeniz b\u00f6lgesinden ba\u015flayarak t\u00fcm T\u00fcrkiye\u2019ye modern, estetik ve kaliteli ya\u015fam alanlar\u0131 sunmaktad\u0131r. Uzman ekibimizle i\u00e7 dekorasyon, tadilat, anahtar teslim yenileme ve \u00f6zel mimari \u00e7\u00f6z\u00fcmler \u00fcretiyoruz. Samsun\u2019da dekorasyon ve tadilat denildi\u011finde akla gelen g\u00fcvenilir firma olman\u0131n yan\u0131nda, Karadeniz\u2019in her [&hellip;]<\/p>","protected":false},"author":1,"featured_media":3148,"parent":0,"menu_order":0,"comment_status":"closed","ping_status":"closed","template":"elementor_header_footer","meta":{"ocean_post_layout":"","ocean_both_sidebars_style":"","ocean_both_sidebars_content_width":0,"ocean_both_sidebars_sidebars_width":0,"ocean_sidebar":"","ocean_second_sidebar":"","ocean_disable_margins":"enable","ocean_add_body_class":"","ocean_shortcode_before_top_bar":"","ocean_shortcode_after_top_bar":"","ocean_shortcode_before_header":"","ocean_shortcode_after_header":"","ocean_has_shortcode":"","ocean_shortcode_after_title":"","ocean_shortcode_before_footer_widgets":"","ocean_shortcode_after_footer_widgets":"","ocean_shortcode_before_footer_bottom":"","ocean_shortcode_after_footer_bottom":"","ocean_display_top_bar":"default","ocean_display_header":"default","ocean_header_style":"","ocean_center_header_left_menu":"","ocean_custom_header_template":"","ocean_custom_logo":0,"ocean_custom_retina_logo":0,"ocean_custom_logo_max_width":0,"ocean_custom_logo_tablet_max_width":0,"ocean_custom_logo_mobile_max_width":0,"ocean_custom_logo_max_height":0,"ocean_custom_logo_tablet_max_height":0,"ocean_custom_logo_mobile_max_height":0,"ocean_header_custom_menu":"","ocean_menu_typo_font_family":"","ocean_menu_typo_font_subset":"","ocean_menu_typo_font_size":0,"ocean_menu_typo_font_size_tablet":0,"ocean_menu_typo_font_size_mobile":0,"ocean_menu_typo_font_size_unit":"px","ocean_menu_typo_font_weight":"","ocean_menu_typo_font_weight_tablet":"","ocean_menu_typo_font_weight_mobile":"","ocean_menu_typo_transform":"","ocean_menu_typo_transform_tablet":"","ocean_menu_typo_transform_mobile":"","ocean_menu_typo_line_height":0,"ocean_menu_typo_line_height_tablet":0,"ocean_menu_typo_line_height_mobile":0,"ocean_menu_typo_line_height_unit":"","ocean_menu_typo_spacing":0,"ocean_menu_typo_spacing_tablet":0,"ocean_menu_typo_spacing_mobile":0,"ocean_menu_typo_spacing_unit":"","ocean_menu_link_color":"","ocean_menu_link_color_hover":"","ocean_menu_link_color_active":"","ocean_menu_link_background":"","ocean_menu_link_hover_background":"","ocean_menu_link_active_background":"","ocean_menu_social_links_bg":"","ocean_menu_social_hover_links_bg":"","ocean_menu_social_links_color":"","ocean_menu_social_hover_links_color":"","ocean_disable_title":"default","ocean_disable_heading":"default","ocean_post_title":"","ocean_post_subheading":"","ocean_post_title_style":"","ocean_post_title_background_color":"","ocean_post_title_background":0,"ocean_post_title_bg_image_position":"","ocean_post_title_bg_image_attachment":"","ocean_post_title_bg_image_repeat":"","ocean_post_title_bg_image_size":"","ocean_post_title_height":0,"ocean_post_title_bg_overlay":0.5,"ocean_post_title_bg_overlay_color":"","ocean_disable_breadcrumbs":"default","ocean_breadcrumbs_color":"","ocean_breadcrumbs_separator_color":"","ocean_breadcrumbs_links_color":"","ocean_breadcrumbs_links_hover_color":"","ocean_display_footer_widgets":"default","ocean_display_footer_bottom":"default","ocean_custom_footer_template":"","footnotes":""},"class_list":["post-3128","page","type-page","status-publish","has-post-thumbnail","hentry","entry","has-media"],"_links":{"self":[{"href":"https:\/\/fixyapidekorasyon.com\/en\/wp-json\/wp\/v2\/pages\/3128","targetHints":{"allow":["GET"]}}],"collection":[{"href":"https:\/\/fixyapidekorasyon.com\/en\/wp-json\/wp\/v2\/pages"}],"about":[{"href":"https:\/\/fixyapidekorasyon.com\/en\/wp-json\/wp\/v2\/types\/page"}],"author":[{"embeddable":true,"href":"https:\/\/fixyapidekorasyon.com\/en\/wp-json\/wp\/v2\/users\/1"}],"replies":[{"embeddable":true,"href":"https:\/\/fixyapidekorasyon.com\/en\/wp-json\/wp\/v2\/comments?post=3128"}],"version-history":[{"count":49,"href":"https:\/\/fixyapidekorasyon.com\/en\/wp-json\/wp\/v2\/pages\/3128\/revisions"}],"predecessor-version":[{"id":3186,"href":"https:\/\/fixyapidekorasyon.com\/en\/wp-json\/wp\/v2\/pages\/3128\/revisions\/3186"}],"wp:featuredmedia":[{"embeddable":true,"href":"https:\/\/fixyapidekorasyon.com\/en\/wp-json\/wp\/v2\/media\/3148"}],"wp:attachment":[{"href":"https:\/\/fixyapidekorasyon.com\/en\/wp-json\/wp\/v2\/media?parent=3128"}],"curies":[{"name":"wp","href":"https:\/\/api.w.org\/{rel}","templated":true}]}}